{"id":1461,"date":"2022-08-29T09:20:19","date_gmt":"2022-08-29T09:20:19","guid":{"rendered":"https:\/\/tanssistudiomia.fi\/priser\/"},"modified":"2023-08-21T16:10:06","modified_gmt":"2023-08-21T16:10:06","slug":"priser","status":"publish","type":"page","link":"https:\/\/tanssistudiomia.fi\/sv\/priser\/","title":{"rendered":"Priser"},"content":{"rendered":"<p>[et_pb_section fb_built=&#8221;1&#8243; _builder_version=&#8221;4.16&#8243; _module_preset=&#8221;default&#8221; global_colors_info=&#8221;{}&#8221;][et_pb_row _builder_version=&#8221;4.16&#8243; _module_preset=&#8221;default&#8221; global_colors_info=&#8221;{}&#8221;][et_pb_column type=&#8221;4_4&#8243; _builder_version=&#8221;4.16&#8243; _module_preset=&#8221;default&#8221; global_colors_info=&#8221;{}&#8221;][et_pb_text _builder_version=&#8221;4.16&#8243; _module_preset=&#8221;default&#8221; header_font=&#8221;|300|||||||&#8221; header_text_color=&#8221;gcid-54056821-293f-4dfc-8057-6035d6687ea1&#8243; header_letter_spacing=&#8221;2px&#8221; header_line_height=&#8221;1.3em&#8221; header_2_font=&#8221;|300|||||||&#8221; header_2_text_color=&#8221;gcid-54056821-293f-4dfc-8057-6035d6687ea1&#8243; header_2_line_height=&#8221;1.3em&#8221; header_3_font=&#8221;|300|||||||&#8221; header_3_text_color=&#8221;gcid-54056821-293f-4dfc-8057-6035d6687ea1&#8243; header_3_line_height=&#8221;1.2em&#8221; global_colors_info=&#8221;{%22gcid-54056821-293f-4dfc-8057-6035d6687ea1%22:%91%22header_text_color%22,%22header_3_text_color%22,%22header_2_text_color%22%93}&#8221;]<\/p>\n<h1 style=\"text-align: center;\">Prislista f\u00f6r h\u00f6sten 2023 \u00a0 \u00a04.9.-17.12.2023<\/h1>\n<p>[\/et_pb_text][\/et_pb_column][\/et_pb_row][et_pb_row _builder_version=&#8221;4.18.0&#8243; _module_preset=&#8221;default&#8221; global_colors_info=&#8221;{}&#8221;][et_pb_column type=&#8221;4_4&#8243; _builder_version=&#8221;4.16&#8243; _module_preset=&#8221;default&#8221; global_colors_info=&#8221;{}&#8221;][et_pb_text _builder_version=&#8221;4.18.0&#8243; _module_preset=&#8221;default&#8221; text_orientation=&#8221;center&#8221; box_shadow_style=&#8221;preset1&#8243; global_colors_info=&#8221;{}&#8221;]<\/p>\n<p>&nbsp;<\/p>\n<p>&nbsp;<\/p>\n<p>Prislista<\/p>\n<p>&nbsp;<\/p>\n<p>Grupptr\u00e4ning:<\/p>\n<p>\u00a0Flex &amp; Balance<\/p>\n<p>Bellydance<\/p>\n<p>Burlesk<\/p>\n<p>CIRCL Mobility<span>\u2122<\/span><\/p>\n<p><span><\/span><\/p>\n<p>1 g\u00e5ng = 15\u20ac (13\u20ac*)<\/p>\n<p>5 g\u00e5ngers kort 65\u20ac (60\u20ac*)<\/p>\n<p>10 g\u00e5ngers kort 120\u20ac (100\u20ac*)<\/p>\n<p>&nbsp;<\/p>\n<p>&nbsp;<\/p>\n<p>Morgonmeditationer<\/p>\n<p>(p\u00e5 kommande)<\/p>\n<p>&nbsp;<\/p>\n<p>*Pris f\u00f6r studenter, pension\u00e4rer och medlem i Bothnia Burlesque\u00a0<\/p>\n<p>[\/et_pb_text][et_pb_text _builder_version=&#8221;4.16&#8243; _module_preset=&#8221;default&#8221; global_colors_info=&#8221;{}&#8221;]<\/p>\n<p>Prepaid -kort<\/p>\n<p>Det finns \u00e4ven m\u00f6jlighet att k\u00f6pa Prepaid -kort fr\u00e5n n\u00e4tet som fungerar p\u00e5 bokningskalendern. Med ett prepaid -kort betalar du 5 eller 10 g\u00e5nger billigare i f\u00f6rskott. Du kan sedan bekv\u00e4mt \u201dbetala\u201d med detta kort n\u00e4r du g\u00f6r en ny bokning f\u00f6r en timme och inte l\u00e4ngre beh\u00f6ver en separat betalnings\u00f6verf\u00f6ring. G\u00e5nger som betalats med kortet \u00e5terbetalas \u00e4ven automatiskt till ditt kort om timmen st\u00e4lls in eller om du avbokar din bokning och du inte beh\u00f6ver kontakta studion. Kortet \u00e4r i kraft 3 eller 6 m\u00e5nader. Du kan k\u00f6pa kortet genom att v\u00e4lja \u201dPrepaid -kort\u201d fr\u00e5n bokningskalendern. Om du \u00e4r student, pension\u00e4r eller medlem i Bothnia Burlesque, v\u00e4lj \u201drabattgrupper\u201d (\u00e4ven ett eng\u00e5ngsbes\u00f6k) fr\u00e5n Prepaid-kort (r\u00e4tten till rabatten verifieras under lektionen \u2013 s\u00e5 ta med intyget som ber\u00e4ttigar till det).<\/p>\n<p>[\/et_pb_text][et_pb_text _builder_version=&#8221;4.16&#8243; _module_preset=&#8221;default&#8221; global_colors_info=&#8221;{}&#8221;]<\/p>\n<div class=\"et_pb_column et_pb_column_1_2 et_pb_column_4  et_pb_css_mix_blend_mode_passthrough\">\n<div class=\"et_pb_module et_pb_text et_pb_text_5  et_pb_text_align_left et_pb_bg_layout_light\">\n<div class=\"et_pb_text_inner\">\n<p>L\u00e4s <a href=\"https:\/\/tanssistudiomia.fi\/sv\/lokalerna\/\">reglerna<\/a> och <a href=\"https:\/\/tanssistudiomia.fi\/sv\/anvandarvillkor\/\">anv\u00e4ndarvillkoren<\/a> h\u00e4r. Genom att boka och betala och anv\u00e4nda tj\u00e4nsterna accepterar du villkoren.<\/p>\n<\/div>\n<\/div>\n<\/div>\n<p>[\/et_pb_text][\/et_pb_column][\/et_pb_row][et_pb_row _builder_version=&#8221;4.18.0&#8243; _module_preset=&#8221;default&#8221; global_colors_info=&#8221;{}&#8221;][et_pb_column type=&#8221;4_4&#8243; _builder_version=&#8221;4.16&#8243; _module_preset=&#8221;default&#8221; global_colors_info=&#8221;{}&#8221;][et_pb_text _builder_version=&#8221;4.16&#8243; _module_preset=&#8221;default&#8221; global_colors_info=&#8221;{}&#8221;]<\/p>\n<div><\/div>\n<p>&nbsp;[\/et_pb_text][et_pb_text _builder_version=&#8221;4.16&#8243; _module_preset=&#8221;default&#8221; text_font=&#8221;||||||||&#8221; header_3_font=&#8221;|300|||||||&#8221; header_3_text_color=&#8221;gcid-54056821-293f-4dfc-8057-6035d6687ea1&#8243; header_3_line_height=&#8221;1.3em&#8221; header_4_font=&#8221;|300|||||||&#8221; header_4_text_color=&#8221;gcid-54056821-293f-4dfc-8057-6035d6687ea1&#8243; header_4_line_height=&#8221;1.3em&#8221; global_colors_info=&#8221;{%22gcid-54056821-293f-4dfc-8057-6035d6687ea1%22:%91%22header_3_text_color%22,%22header_4_text_color%22%93}&#8221;]<\/p>\n<div>\n<p>S\u00e5 h\u00e4r bokar du din plats f\u00f6r timmer<\/p>\n<p>Timmar kan bokas och k\u00f6pas direkt fr\u00e5n<span class=\"apple-converted-space\">\u00a0<\/span><a href=\"https:\/\/www.varaaheti.fi\/tanssistudiomia\/sv'\">bokningskalendern<\/a><span class=\"apple-converted-space\">\u00a0<\/span>antingen som enskilda timmar eller genom att k\u00f6pa Prepaid -kort med fler timmar \u00e5t g\u00e5ngen, vilket g\u00f6r timmarna billigare. V\u00e4lj \u201dPrepaid -kort\u201d fr\u00e5n bokningskalendern\u201d.<\/p>\n<p>Om du vill betala med MobilePay, ePass, Smartum, edenred eller Tyky-kuponger, v\u00e4nligen kontakta studion f\u00f6r bokning:<span class=\"apple-converted-space\">\u00a0<\/span><a href=\"&#x6d;a&#x69;&#108;&#x74;&#111;:&#x6d;&#105;&#x69;&#97;&#64;&#x74;&#97;&#x6e;&#115;s&#x69;s&#x74;&#117;&#x64;&#x69;o&#x6d;&#105;&#x61;&#46;f&#x69;\">&#x6d;&#105;&#105;&#x61;&#x40;&#116;&#97;&#x6e;&#x73;&#115;&#105;&#x73;&#x74;&#117;&#100;&#x69;&#x6f;&#109;&#105;&#x61;&#x2e;&#102;&#105;<\/a><\/p>\n<p>&nbsp;<\/p>\n<\/div>\n<p>Du m\u00e5ste anm\u00e4la dig till timmarna senast 12 timmar innan kursstart. Det finns ett minsta antal deltagare i timmarna och om det inte \u00e4ger rum st\u00e4lls timmen in och pengarna \u00e5terbetalas.<\/p>\n<p>[\/et_pb_text][et_pb_button button_url=&#8221;https:\/\/www.varaaheti.fi\/tanssistudiomia\/fi\/miian_toimistopalvelut_tmi\/classes&#8221; url_new_window=&#8221;on&#8221; button_text=&#8221;Boka din plats&#8221; button_alignment=&#8221;center&#8221; _builder_version=&#8221;4.18.0&#8243; _module_preset=&#8221;default&#8221; custom_button=&#8221;on&#8221; button_text_color=&#8221;#FFFFFF&#8221; button_bg_color=&#8221;gcid-54056821-293f-4dfc-8057-6035d6687ea1&#8243; button_border_radius=&#8221;10px&#8221; global_colors_info=&#8221;{%22gcid-54056821-293f-4dfc-8057-6035d6687ea1%22:%91%22button_bg_color%22%93}&#8221;][\/et_pb_button][\/et_pb_column][\/et_pb_row][\/et_pb_section]<\/p>\n","protected":false},"excerpt":{"rendered":"<p>Prislista f\u00f6r h\u00f6sten 2023 \u00a0 \u00a04.9.-17.12.2023&nbsp; &nbsp; Prislista &nbsp; Grupptr\u00e4ning: \u00a0Flex &amp; Balance Bellydance Burlesk CIRCL Mobility\u2122 1 g\u00e5ng = 15\u20ac (13\u20ac*) 5 g\u00e5ngers kort 65\u20ac (60\u20ac*) 10 g\u00e5ngers kort 120\u20ac (100\u20ac*) &nbsp; &nbsp; Morgonmeditationer (p\u00e5 kommande) &nbsp; *Pris f\u00f6r studenter, pension\u00e4rer och medlem i Bothnia Burlesque\u00a0Prepaid -kort Det finns \u00e4ven m\u00f6jlighet att k\u00f6pa Prepaid [&hellip;]<\/p>\n","protected":false},"author":3,"featured_media":0,"parent":0,"menu_order":0,"comment_status":"closed","ping_status":"closed","template":"","meta":{"_et_pb_use_builder":"on","_et_pb_old_content":"","_et_gb_content_width":"","footnotes":""},"class_list":["post-1461","page","type-page","status-publish","hentry"],"_links":{"self":[{"href":"https:\/\/tanssistudiomia.fi\/sv\/wp-json\/wp\/v2\/pages\/1461","targetHints":{"allow":["GET"]}}],"collection":[{"href":"https:\/\/tanssistudiomia.fi\/sv\/wp-json\/wp\/v2\/pages"}],"about":[{"href":"https:\/\/tanssistudiomia.fi\/sv\/wp-json\/wp\/v2\/types\/page"}],"author":[{"embeddable":true,"href":"https:\/\/tanssistudiomia.fi\/sv\/wp-json\/wp\/v2\/users\/3"}],"replies":[{"embeddable":true,"href":"https:\/\/tanssistudiomia.fi\/sv\/wp-json\/wp\/v2\/comments?post=1461"}],"version-history":[{"count":7,"href":"https:\/\/tanssistudiomia.fi\/sv\/wp-json\/wp\/v2\/pages\/1461\/revisions"}],"predecessor-version":[{"id":1749,"href":"https:\/\/tanssistudiomia.fi\/sv\/wp-json\/wp\/v2\/pages\/1461\/revisions\/1749"}],"wp:attachment":[{"href":"https:\/\/tanssistudiomia.fi\/sv\/wp-json\/wp\/v2\/media?parent=1461"}],"curies":[{"name":"wp","href":"https:\/\/api.w.org\/{rel}","templated":true}]}}