{"id":1482,"date":"2022-09-05T09:48:11","date_gmt":"2022-09-05T09:48:11","guid":{"rendered":"https:\/\/tanssistudiomia.fi\/burlesk\/"},"modified":"2023-07-28T10:49:26","modified_gmt":"2023-07-28T10:49:26","slug":"burlesk","status":"publish","type":"page","link":"https:\/\/tanssistudiomia.fi\/sv\/burlesk\/","title":{"rendered":"Burlesque"},"content":{"rendered":"<p>[et_pb_section fb_built=&#8221;1&#8243; _builder_version=&#8221;4.16&#8243; _module_preset=&#8221;default&#8221; global_colors_info=&#8221;{}&#8221;][et_pb_row _builder_version=&#8221;4.16&#8243; _module_preset=&#8221;default&#8221; global_colors_info=&#8221;{}&#8221;][et_pb_column type=&#8221;4_4&#8243; _builder_version=&#8221;4.16&#8243; _module_preset=&#8221;default&#8221; global_colors_info=&#8221;{}&#8221;][et_pb_text _builder_version=&#8221;4.18.0&#8243; _module_preset=&#8221;default&#8221; header_font=&#8221;|300|||||||&#8221; header_text_color=&#8221;gcid-54056821-293f-4dfc-8057-6035d6687ea1&#8243; header_letter_spacing=&#8221;2px&#8221; header_line_height=&#8221;1.3em&#8221; header_2_font=&#8221;|300|||||||&#8221; header_2_text_color=&#8221;gcid-54056821-293f-4dfc-8057-6035d6687ea1&#8243; header_2_line_height=&#8221;1.3em&#8221; header_3_font=&#8221;|300|||||||&#8221; header_3_text_color=&#8221;gcid-54056821-293f-4dfc-8057-6035d6687ea1&#8243; header_3_line_height=&#8221;1.2em&#8221; global_colors_info=&#8221;{%22gcid-54056821-293f-4dfc-8057-6035d6687ea1%22:%91%22header_text_color%22,%22header_3_text_color%22,%22header_2_text_color%22%93}&#8221;]<\/p>\n<h1>Burlesque<\/h1>\n<p>[\/et_pb_text][\/et_pb_column][\/et_pb_row][et_pb_row column_structure=&#8221;1_2,1_2&#8243; _builder_version=&#8221;4.16&#8243; _module_preset=&#8221;default&#8221; global_colors_info=&#8221;{}&#8221;][et_pb_column type=&#8221;1_2&#8243; _builder_version=&#8221;4.16&#8243; _module_preset=&#8221;default&#8221; global_colors_info=&#8221;{}&#8221;][et_pb_text _builder_version=&#8221;4.18.0&#8243; _module_preset=&#8221;default&#8221; header_2_font=&#8221;|300|||||||&#8221; header_2_text_color=&#8221;gcid-54056821-293f-4dfc-8057-6035d6687ea1&#8243; header_2_line_height=&#8221;1.3em&#8221; header_3_font=&#8221;|300|||||||&#8221; header_3_text_color=&#8221;gcid-54056821-293f-4dfc-8057-6035d6687ea1&#8243; header_3_line_height=&#8221;1.3em&#8221; header_4_font=&#8221;|300|||||||&#8221; header_4_text_color=&#8221;gcid-54056821-293f-4dfc-8057-6035d6687ea1&#8243; header_4_line_height=&#8221;1.3em&#8221; global_colors_info=&#8221;{%22gcid-54056821-293f-4dfc-8057-6035d6687ea1%22:%91%22header_3_text_color%22,%22header_4_text_color%22,%22header_2_text_color%22%93}&#8221;]<\/p>\n<h3>V\u00e4lkommen till lektion oavsett tidigare dans- och tr\u00e4ningsbakgrund. I burlesk s\u00f6ker vi ett samband med v\u00e5r egen kvinnlighet och sj\u00e4lvf\u00f6rtroende, och njuter av gl\u00e4djen i r\u00f6relse och dans. &#8221;Det handlar inte om att f\u00f6rf\u00f6ra m\u00e4n, det handlar om att omfamna kvinnlighet&#8221; &#8211; Dita Von Teese\u00a0<\/h3>\n<p>[\/et_pb_text][et_pb_text _builder_version=&#8221;4.18.0&#8243; _module_preset=&#8221;default&#8221; global_colors_info=&#8221;{}&#8221;]<\/p>\n<p>Burlesk \u00e4r en dansande scenkonst som kombinerar teatraliska uttryck, kreativ striptease och gammaldags glamour. Som hobby \u00e4r burlesk en m\u00e5ngsidig grupplektion d\u00e4r man ut\u00f6ver danskoreografi ut\u00f6var kvinnlig n\u00e4rvaro och befriande sj\u00e4lvuttryck.<\/p>\n<p>Burlesk \u00e4r l\u00e4mplig f\u00f6r vuxna p\u00e5 alla niv\u00e5er och \u00e5ldrar, oavsett tidigare dansbakgrund. Du beh\u00f6ver bara ta med dig flexibla kl\u00e4der och en touch av mod f\u00f6r att kasta dig in i den burleska scenkonstens v\u00e4rld. L\u00e5t oss l\u00e5ta ditt underbara jag och Glitter lysa p\u00e5 lektionen!<\/p>\n<p><strong><em><a href=\"https:\/\/tanssistudiomia.fi\/sv\/grupptraning\/\">L\u00e4s mer om tider, schema och priser h\u00e4r<\/a><\/em><\/strong><\/p>\n<p>[\/et_pb_text][et_pb_testimonial quote_icon_color=&#8221;gcid-54056821-293f-4dfc-8057-6035d6687ea1&#8243; quote_icon_background_color=&#8221;gcid-ea86b7fd-dbb9-49d9-a0ab-dd69804aeef4&#8243; _builder_version=&#8221;4.18.0&#8243; _module_preset=&#8221;default&#8221; background_color=&#8221;gcid-ea86b7fd-dbb9-49d9-a0ab-dd69804aeef4&#8243; global_colors_info=&#8221;{%22gcid-54056821-293f-4dfc-8057-6035d6687ea1%22:%91%22quote_icon_color%22%93,%22gcid-ea86b7fd-dbb9-49d9-a0ab-dd69804aeef4%22:%91%22quote_icon_background_color%22,%22background_color%22%93}&#8221;]<\/p>\n<p>Jag hade l\u00e4nge dr\u00f6mt om att testa en burleskklass och nu fick jag m\u00f6jligheten \ud83d\ude01 Trevlig klass \ud83d\udc4d Ja, jag kommer att g\u00e5 p\u00e5 nytt! \ud83d\ude01<\/p>\n<p>[\/et_pb_testimonial][et_pb_testimonial quote_icon_color=&#8221;gcid-54056821-293f-4dfc-8057-6035d6687ea1&#8243; quote_icon_background_color=&#8221;gcid-ea86b7fd-dbb9-49d9-a0ab-dd69804aeef4&#8243; _builder_version=&#8221;4.18.0&#8243; _module_preset=&#8221;default&#8221; background_color=&#8221;gcid-ea86b7fd-dbb9-49d9-a0ab-dd69804aeef4&#8243; global_colors_info=&#8221;{%22gcid-54056821-293f-4dfc-8057-6035d6687ea1%22:%91%22quote_icon_color%22%93,%22gcid-ea86b7fd-dbb9-49d9-a0ab-dd69804aeef4%22:%91%22quote_icon_background_color%22,%22background_color%22%93}&#8221;]<\/p>\n<p>Det var en riktigt kroppspositiv klass, jag kan definitivt rekommendera den till alla!<\/p>\n<p>[\/et_pb_testimonial][et_pb_testimonial quote_icon_color=&#8221;gcid-54056821-293f-4dfc-8057-6035d6687ea1&#8243; quote_icon_background_color=&#8221;gcid-ea86b7fd-dbb9-49d9-a0ab-dd69804aeef4&#8243; _builder_version=&#8221;4.18.0&#8243; _module_preset=&#8221;default&#8221; background_color=&#8221;gcid-ea86b7fd-dbb9-49d9-a0ab-dd69804aeef4&#8243; global_colors_info=&#8221;{%22gcid-54056821-293f-4dfc-8057-6035d6687ea1%22:%91%22quote_icon_color%22%93,%22gcid-ea86b7fd-dbb9-49d9-a0ab-dd69804aeef4%22:%91%22quote_icon_background_color%22,%22background_color%22%93}&#8221;]<\/p>\n<p>Jag blev f\u00f6r\u00e4lskad i den h\u00e4r klassen! Jag kommer definitivt att komma igen<\/p>\n<p>[\/et_pb_testimonial][\/et_pb_column][et_pb_column type=&#8221;1_2&#8243; _builder_version=&#8221;4.16&#8243; _module_preset=&#8221;default&#8221; global_colors_info=&#8221;{}&#8221;][et_pb_image src=&#8221;https:\/\/tanssistudiomia.fi\/wp-content\/uploads\/2022\/08\/kuva2bulreski.jpg&#8221; alt=&#8221;Burleskinstrukt\u00f6r Marleena&#8221; title_text=&#8221;Burleskinstrukt\u00f6r Marleena&#8221; _builder_version=&#8221;4.18.0&#8243; _module_preset=&#8221;default&#8221; width=&#8221;90%&#8221; width_tablet=&#8221;100%&#8221; width_phone=&#8221;100%&#8221; width_last_edited=&#8221;on|phone&#8221; module_alignment=&#8221;right&#8221; module_alignment_tablet=&#8221;&#8221; module_alignment_phone=&#8221;&#8221; module_alignment_last_edited=&#8221;on|desktop&#8221; border_radii=&#8221;on|10px|10px|10px|10px&#8221; box_shadow_style=&#8221;preset1&#8243; global_colors_info=&#8221;{}&#8221;][\/et_pb_image][et_pb_text _builder_version=&#8221;4.18.0&#8243; _module_preset=&#8221;default&#8221; header_2_font=&#8221;|300|||||||&#8221; header_2_text_color=&#8221;gcid-54056821-293f-4dfc-8057-6035d6687ea1&#8243; header_2_line_height=&#8221;1.3em&#8221; header_3_font=&#8221;|300|||||||&#8221; header_3_text_color=&#8221;gcid-54056821-293f-4dfc-8057-6035d6687ea1&#8243; header_3_line_height=&#8221;1.3em&#8221; header_4_font=&#8221;|300|||||||&#8221; header_4_text_color=&#8221;gcid-54056821-293f-4dfc-8057-6035d6687ea1&#8243; header_4_line_height=&#8221;1.6em&#8221; custom_margin=&#8221;|||55px|false|false&#8221; custom_margin_tablet=&#8221;|||0px|false|false&#8221; custom_margin_phone=&#8221;|||0px|false|false&#8221; custom_margin_last_edited=&#8221;on|desktop&#8221; global_colors_info=&#8221;{%22gcid-54056821-293f-4dfc-8057-6035d6687ea1%22:%91%22header_3_text_color%22,%22header_4_text_color%22,%22header_2_text_color%22%93}&#8221;]<\/p>\n<h4>Jag heter Marleena och \u00e4r en burleskkonstn\u00e4r fr\u00e5n Vasa. Burleskens underbara v\u00e4rld tog mig omedelbart in n\u00e4r jag blev introducerad till den; det var k\u00e4rlek vid f\u00f6rsta \u00f6gonkastet. Jag har h\u00e5llit p\u00e5 med burlesk och upptr\u00e4tt sedan 2018 under artistnamnet Lucie von Lust. Jag b\u00f6rjade som instrukt\u00f6r h\u00f6sten 2020.<\/h4>\n<p>[\/et_pb_text][\/et_pb_column][\/et_pb_row][et_pb_row column_structure=&#8221;1_2,1_2&#8243; _builder_version=&#8221;4.16&#8243; _module_preset=&#8221;default&#8221; global_colors_info=&#8221;{}&#8221;][et_pb_column type=&#8221;1_2&#8243; _builder_version=&#8221;4.16&#8243; _module_preset=&#8221;default&#8221; global_colors_info=&#8221;{}&#8221;][et_pb_button button_url=&#8221;https:\/\/www.varaaheti.fi\/tanssistudiomia\/fi&#8221; url_new_window=&#8221;on&#8221; button_text=&#8221;Boka h\u00e4r&#8221; _builder_version=&#8221;4.16&#8243; _module_preset=&#8221;default&#8221; custom_button=&#8221;on&#8221; button_text_color=&#8221;#FFFFFF&#8221; button_bg_color=&#8221;gcid-54056821-293f-4dfc-8057-6035d6687ea1&#8243; button_border_radius=&#8221;10px&#8221; global_colors_info=&#8221;{%22gcid-54056821-293f-4dfc-8057-6035d6687ea1%22:%91%22button_bg_color%22%93}&#8221;][\/et_pb_button][\/et_pb_column][et_pb_column type=&#8221;1_2&#8243; _builder_version=&#8221;4.16&#8243; _module_preset=&#8221;default&#8221; global_colors_info=&#8221;{}&#8221;][\/et_pb_column][\/et_pb_row][\/et_pb_section]<\/p>\n","protected":false},"excerpt":{"rendered":"<p>BurlesqueV\u00e4lkommen till lektion oavsett tidigare dans- och tr\u00e4ningsbakgrund. I burlesk s\u00f6ker vi ett samband med v\u00e5r egen kvinnlighet och sj\u00e4lvf\u00f6rtroende, och njuter av gl\u00e4djen i r\u00f6relse och dans. &#8221;Det handlar inte om att f\u00f6rf\u00f6ra m\u00e4n, det handlar om att omfamna kvinnlighet&#8221; &#8211; Dita Von Teese\u00a0Burlesk \u00e4r en dansande scenkonst som kombinerar teatraliska uttryck, kreativ striptease [&hellip;]<\/p>\n","protected":false},"author":1,"featured_media":0,"parent":0,"menu_order":0,"comment_status":"closed","ping_status":"closed","template":"","meta":{"_et_pb_use_builder":"on","_et_pb_old_content":"","_et_gb_content_width":"","footnotes":""},"class_list":["post-1482","page","type-page","status-publish","hentry"],"_links":{"self":[{"href":"https:\/\/tanssistudiomia.fi\/sv\/wp-json\/wp\/v2\/pages\/1482","targetHints":{"allow":["GET"]}}],"collection":[{"href":"https:\/\/tanssistudiomia.fi\/sv\/wp-json\/wp\/v2\/pages"}],"about":[{"href":"https:\/\/tanssistudiomia.fi\/sv\/wp-json\/wp\/v2\/types\/page"}],"author":[{"embeddable":true,"href":"https:\/\/tanssistudiomia.fi\/sv\/wp-json\/wp\/v2\/users\/1"}],"replies":[{"embeddable":true,"href":"https:\/\/tanssistudiomia.fi\/sv\/wp-json\/wp\/v2\/comments?post=1482"}],"version-history":[{"count":7,"href":"https:\/\/tanssistudiomia.fi\/sv\/wp-json\/wp\/v2\/pages\/1482\/revisions"}],"predecessor-version":[{"id":1724,"href":"https:\/\/tanssistudiomia.fi\/sv\/wp-json\/wp\/v2\/pages\/1482\/revisions\/1724"}],"wp:attachment":[{"href":"https:\/\/tanssistudiomia.fi\/sv\/wp-json\/wp\/v2\/media?parent=1482"}],"curies":[{"name":"wp","href":"https:\/\/api.w.org\/{rel}","templated":true}]}}