{"id":712,"date":"2021-07-22T10:14:26","date_gmt":"2021-07-22T10:14:26","guid":{"rendered":"https:\/\/tanssistudiomia.fi\/cookies\/"},"modified":"2021-07-22T10:14:29","modified_gmt":"2021-07-22T10:14:29","slug":"cookies","status":"publish","type":"page","link":"https:\/\/tanssistudiomia.fi\/sv\/cookies\/","title":{"rendered":"Cookies"},"content":{"rendered":"<p>[et_pb_section fb_built=&#8221;1&#8243; _builder_version=&#8221;4.9.4&#8243; _module_preset=&#8221;default&#8221;][et_pb_row _builder_version=&#8221;4.9.4&#8243; _module_preset=&#8221;default&#8221;][et_pb_column type=&#8221;4_4&#8243; _builder_version=&#8221;4.9.4&#8243; _module_preset=&#8221;default&#8221;][et_pb_text _builder_version=&#8221;4.9.4&#8243; _module_preset=&#8221;default&#8221; header_font=&#8221;|300|||||||&#8221; header_text_color=&#8221;gcid-54056821-293f-4dfc-8057-6035d6687ea1&#8243; header_line_height=&#8221;1.3em&#8221; hover_enabled=&#8221;0&#8243; global_colors_info=&#8221;{%22gcid-54056821-293f-4dfc-8057-6035d6687ea1%22:%91%22header_text_color%22%93}&#8221; sticky_enabled=&#8221;0&#8243;]<\/p>\n<h1>Cookies<\/h1>\n<p>[\/et_pb_text][\/et_pb_column][\/et_pb_row][et_pb_row column_structure=&#8221;1_2,1_2&#8243; _builder_version=&#8221;4.9.4&#8243; _module_preset=&#8221;default&#8221;][et_pb_column type=&#8221;1_2&#8243; _builder_version=&#8221;4.9.4&#8243; _module_preset=&#8221;default&#8221;][et_pb_text _builder_version=&#8221;4.9.4&#8243; _module_preset=&#8221;default&#8221; header_font=&#8221;|300|||||||&#8221; header_line_height=&#8221;1.3em&#8221; hover_enabled=&#8221;0&#8243; sticky_enabled=&#8221;0&#8243;]<\/p>\n<p>Tanssistudio Mias webbplats, www.tanssistudiomia.fi, anv\u00e4nder INTE Google Analytics eller n\u00e5got annat program f\u00f6r bes\u00f6karsp\u00e5rning, och d\u00e4rf\u00f6r delar vi inte information om ditt bes\u00f6k p\u00e5 denna webbplats.<\/p>\n<p>Om en inb\u00e4ddad video kan hittas p\u00e5 sidan, till exempel fr\u00e5n en Youtube-tj\u00e4nst, kan den h\u00e4r tj\u00e4nsten samla in information n\u00e4r du tittar p\u00e5 videon. <\/p>\n<p>[\/et_pb_text][\/et_pb_column][et_pb_column type=&#8221;1_2&#8243; _builder_version=&#8221;4.9.4&#8243; _module_preset=&#8221;default&#8221;][\/et_pb_column][\/et_pb_row][\/et_pb_section]<\/p>\n","protected":false},"excerpt":{"rendered":"<p>CookiesTanssistudio Mias webbplats, www.tanssistudiomia.fi, anv\u00e4nder INTE Google Analytics eller n\u00e5got annat program f\u00f6r bes\u00f6karsp\u00e5rning, och d\u00e4rf\u00f6r delar vi inte information om ditt bes\u00f6k p\u00e5 denna webbplats. Om en inb\u00e4ddad video kan hittas p\u00e5 sidan, till exempel fr\u00e5n en Youtube-tj\u00e4nst, kan den h\u00e4r tj\u00e4nsten samla in information n\u00e4r du tittar p\u00e5 videon.<\/p>\n","protected":false},"author":1,"featured_media":0,"parent":0,"menu_order":0,"comment_status":"closed","ping_status":"closed","template":"","meta":{"_et_pb_use_builder":"on","_et_pb_old_content":"","_et_gb_content_width":"","footnotes":""},"class_list":["post-712","page","type-page","status-publish","hentry"],"_links":{"self":[{"href":"https:\/\/tanssistudiomia.fi\/sv\/wp-json\/wp\/v2\/pages\/712","targetHints":{"allow":["GET"]}}],"collection":[{"href":"https:\/\/tanssistudiomia.fi\/sv\/wp-json\/wp\/v2\/pages"}],"about":[{"href":"https:\/\/tanssistudiomia.fi\/sv\/wp-json\/wp\/v2\/types\/page"}],"author":[{"embeddable":true,"href":"https:\/\/tanssistudiomia.fi\/sv\/wp-json\/wp\/v2\/users\/1"}],"replies":[{"embeddable":true,"href":"https:\/\/tanssistudiomia.fi\/sv\/wp-json\/wp\/v2\/comments?post=712"}],"version-history":[{"count":5,"href":"https:\/\/tanssistudiomia.fi\/sv\/wp-json\/wp\/v2\/pages\/712\/revisions"}],"predecessor-version":[{"id":717,"href":"https:\/\/tanssistudiomia.fi\/sv\/wp-json\/wp\/v2\/pages\/712\/revisions\/717"}],"wp:attachment":[{"href":"https:\/\/tanssistudiomia.fi\/sv\/wp-json\/wp\/v2\/media?parent=712"}],"curies":[{"name":"wp","href":"https:\/\/api.w.org\/{rel}","templated":true}]}}