{"id":718,"date":"2021-07-22T10:34:00","date_gmt":"2021-07-22T10:34:00","guid":{"rendered":"https:\/\/tanssistudiomia.fi\/anvandarvillkor\/"},"modified":"2021-08-05T09:13:43","modified_gmt":"2021-08-05T09:13:43","slug":"anvandarvillkor","status":"publish","type":"page","link":"https:\/\/tanssistudiomia.fi\/sv\/anvandarvillkor\/","title":{"rendered":"Anv\u00e4ndarvillkor"},"content":{"rendered":"<p>[et_pb_section fb_built=&#8221;1&#8243; _builder_version=&#8221;4.9.4&#8243; _module_preset=&#8221;default&#8221;][et_pb_row _builder_version=&#8221;4.9.4&#8243; _module_preset=&#8221;default&#8221;][et_pb_column type=&#8221;4_4&#8243; _builder_version=&#8221;4.9.4&#8243; _module_preset=&#8221;default&#8221;][et_pb_text _builder_version=&#8221;4.9.4&#8243; _module_preset=&#8221;default&#8221; header_font=&#8221;|300|||||||&#8221; header_text_color=&#8221;gcid-54056821-293f-4dfc-8057-6035d6687ea1&#8243; header_line_height=&#8221;1.3em&#8221; global_colors_info=&#8221;{%22gcid-54056821-293f-4dfc-8057-6035d6687ea1%22:%91%22header_text_color%22%93}&#8221;]<\/p>\n<h1>Dansstudio Mias anv\u00e4ndarvillkor:<\/h1>\n<p>[\/et_pb_text][\/et_pb_column][\/et_pb_row][et_pb_row column_structure=&#8221;1_2,1_2&#8243; _builder_version=&#8221;4.9.4&#8243; _module_preset=&#8221;default&#8221;][et_pb_column type=&#8221;1_2&#8243; _builder_version=&#8221;4.9.4&#8243; _module_preset=&#8221;default&#8221;][et_pb_text _builder_version=&#8221;4.9.4&#8243; _module_preset=&#8221;default&#8221; header_font=&#8221;|300|||||||&#8221; header_line_height=&#8221;1.3em&#8221;]<\/p>\n<p><strong>1) Allm\u00e4nna bokningsvillkor<\/strong><\/p>\n<p><strong>1 a) Dans- \/ tr\u00e4ningstimmar<\/strong><\/p>\n<p>Dans- \/ tr\u00e4ningstimmarna bokas i f\u00f6rv\u00e4g. Detta g\u00f6rs via v\u00e5rt bokningssystem. Du kan ocks\u00e5 boka en plats genom att kontakta Tanssistudio p\u00e5 e-post <a href=\"&#x6d;&#x69;&#105;&#97;&#64;t&#x61;&#x6e;&#x73;&#115;&#105;st&#x75;&#x64;&#x69;&#111;&#109;i&#x61;&#x2e;&#x66;&#105;\">&#x6d;i&#x69;&#97;&#64;&#x74;&#97;&#x6e;&#x73;s&#x69;&#115;t&#x75;&#100;&#x69;&#111;m&#x69;&#97;&#46;&#x66;&#105;<\/a>eller genom att ringa 0407233536. Det m\u00e5ste finnas ett minimum antal deltagare f\u00f6r att timmen ska kunna h\u00e5llas. Om timmen inte \u00e4ger rum f\u00e5r du information om det via e-post. Timmarna \u00e4r enskilda timmar, s\u00e5 man kan komma till vilken timme som helst, om inte annat meddelas.     <\/p>\n<p><strong>1 b) Hyrning\/bokning av salen<\/strong><\/p>\n<p>Du kan hyra studion och betala f\u00f6r en (1) eller tv\u00e5 (2) timmar \u00e5t g\u00e5ngen via v\u00e5rt bokningssystem. Det \u00e4r \u00e4ven m\u00f6jligt att hyra genom att kontakta studion.  Dessa korta hyrningar, som kostar 10-15 euro, \u00e4r avsedda f\u00f6r tr\u00e4ning ensam, med en kompis (1-3 personer) eller en familj. Bokningen b\u00f6rjar alltid j\u00e4mna timmar, s\u00e5 se till att du under din bokade tid hinner ocks\u00e5 reng\u00f6ra ditt tr\u00e4ningsredskap och l\u00e4mna nycklarna p\u00e5 plats innan n\u00e4sta bokning b\u00f6rjar. Boka din tid s\u00e5 att du har tid att tr\u00e4na och st\u00e4da efter dig i gymmet f\u00f6r n\u00e4sta tr\u00e4nare. Du kommer att f\u00e5 mer detaljerade instruktioner i e-post bekr\u00e4ftelsen om hur du kommer till studion och hur du anv\u00e4nder lokalen. Tr\u00e4nar du l\u00e4ngre \u00e4n 2 timmar eller \u00e4r ni mer \u00e4n 4 personer s\u00e5 ska du ringa eller skicka e-post f\u00f6r att boka.<\/p>\n<p>Kunden deltar v\u00e5ra timmar och studion drivs p\u00e5 egen risk! Kunden ska sj\u00e4lv ta hand om n\u00f6dv\u00e4ndig olycksfallsf\u00f6rs\u00e4kring. Dansstudio Mia ansvarar inte f\u00f6r bes\u00f6kares personskador eller f\u00f6r deras egendom i lokalerna, s\u00e5vida skadan inte beror p\u00e5 tj\u00e4nsteleverant\u00f6rens f\u00f6rsummelse. Vi rekommenderar att kunden kontrollerar att hen har en tillr\u00e4cklig olycksfallsf\u00f6rs\u00e4kring.   <\/p>\n<p><strong>2) Avbokningsregler<\/strong><\/p>\n<p>Vid f\u00f6rhinder m\u00e5ste bokningen avbokas senast 12 timmar f\u00f6re tr\u00e4ningsstart. Efter detta \u00e4r avbokningen inte l\u00e4ngre att m\u00f6jlig och timmen debiteras. Om du m\u00e5ste avboka en studiotid ska detta g\u00f6ras senast 8 timmar innan. I bokningsbekr\u00e4ftelsen som du f\u00e5r i samband med bokningen, finns en avbokningsl\u00e4nk. En bokad timme kan endast vid pl\u00f6tsliga sjukdomsfall avbokas med kort varsel utan att timpriset debiteras. D\u00e5 m\u00e5ste ett l\u00e4karintyg skickas s\u00e5 snart som m\u00f6jligt via e-post: <a href=\"&#109;a&#x69;l&#x74;&#111;&#x3a;&#109;&#x69;&#105;a&#x40;t&#x61;&#110;&#x73;&#115;&#x69;&#115;&#x74;&#117;d&#x69;o&#x6d;&#105;&#x61;&#46;&#x66;&#105;\">m&#105;&#105;&#x61;&#x40;&#x74;&#x61;n&#115;&#115;&#105;&#x73;&#x74;&#x75;di&#111;&#109;&#x69;&#x61;&#x2e;fi<\/a>. Upprepade oanv\u00e4nda bokningar leder till att anv\u00e4ndningen av bokningssystemet f\u00f6rbjuds och en faktura skickas f\u00f6r de timmar, som inte har avbokats. Boka inte f\u00f6rg\u00e4ves, i s\u00e5 fall hindrar du n\u00e5gon annans deltagande.      <\/p>\n<p><strong>3) Betalning<\/strong><\/p>\n<p>Danstimmar och studiohyra kan betalas via bokningssystemet online. Andra betalningsmetoder \u00e4r: kontant, bank\u00f6verf\u00f6ring eller MobilePay. F\u00f6r danslektioner \u00e4r det ocks\u00e5 m\u00f6jligt att k\u00f6pa ett prepaid kort (5 g\u00e5ngers- eller 10 g\u00e5ngers- kort) i f\u00f6rv\u00e4g online (boka tid -&gt;prepaidkort).   Med ett prepaidkort kan du betala f\u00f6r flera tr\u00e4ningsg\u00e5nger i taget och n\u00e4r du bokar en plats p\u00e5 en danstimme dras summan av ditt kort. Prepaidkort kan ocks\u00e5 k\u00f6pas p\u00e5 dansstudion. <\/p>\n<p><strong>Betalning via bokningskalendern<\/strong><\/p>\n<p>Betalningsf\u00f6rmedlaren f\u00f6r webbutiken \u00e4r Visma Pay (Paybyway Oy, aff\u00e4rs-ID 2486559-4), som har registrerats i registret f\u00f6r betalningsinstitut som uppr\u00e4tth\u00e5lls av Finansinspektionen. Betalning sker via Visma Pays onlinetj\u00e4nst och Visma Pay eller Paybyway Oy visas som betalningsmottagare p\u00e5 kontoutdraget och fakturan. Visma Pay vidarebefordrar betalningar till online-handlaren (Tanssistudio Mia). Betalningen \u00e4r s\u00e4ker, eftersom all information om betalningstransaktionen \u00f6verf\u00f6rs med hj\u00e4lp av en s\u00e4ker f\u00f6rbindelse s\u00e5 att ingen tredje part kan se detaljerna i betalningstransaktionen.<\/p>\n<p>Transaktionen skapas mellan n\u00e4thandelskunden och n\u00e4thandeln. N\u00e4thandeln ansvarar f\u00f6r alla skyldigheter relaterade till transaktionen.<\/p>\n<p>L\u00e4s mer om Visma Pay: <a href=\"https:\/\/www.visma.fi\/vismapay\/\" target=\"_blank\" rel=\"noopener\">www.visma.fi\/vismapay\/<\/a><\/p>\n<p>[\/et_pb_text][\/et_pb_column][et_pb_column type=&#8221;1_2&#8243; _builder_version=&#8221;4.9.4&#8243; _module_preset=&#8221;default&#8221;][\/et_pb_column][\/et_pb_row][\/et_pb_section]<\/p>\n","protected":false},"excerpt":{"rendered":"<p>Dansstudio Mias anv\u00e4ndarvillkor:1) Allm\u00e4nna bokningsvillkor 1 a) Dans- \/ tr\u00e4ningstimmar Dans- \/ tr\u00e4ningstimmarna bokas i f\u00f6rv\u00e4g. Detta g\u00f6rs via v\u00e5rt bokningssystem. Du kan ocks\u00e5 boka en plats genom att kontakta Tanssistudio p\u00e5 e-post &#109;&#x69;&#105;&#x61;&#64;&#116;&#x61;&#110;&#x73;s&#x69;s&#116;&#x75;&#100;&#x69;o&#x6d;&#x69;&#97;&#x2e;f&#x69;e&#108;&#x6c;&#101;&#x72; genom att ringa 0407233536. Det m\u00e5ste finnas ett minimum antal deltagare f\u00f6r att timmen ska kunna h\u00e5llas. Om timmen inte \u00e4ger [&hellip;]<\/p>\n","protected":false},"author":1,"featured_media":0,"parent":0,"menu_order":0,"comment_status":"closed","ping_status":"closed","template":"","meta":{"_et_pb_use_builder":"on","_et_pb_old_content":"","_et_gb_content_width":"","footnotes":""},"class_list":["post-718","page","type-page","status-publish","hentry"],"_links":{"self":[{"href":"https:\/\/tanssistudiomia.fi\/sv\/wp-json\/wp\/v2\/pages\/718","targetHints":{"allow":["GET"]}}],"collection":[{"href":"https:\/\/tanssistudiomia.fi\/sv\/wp-json\/wp\/v2\/pages"}],"about":[{"href":"https:\/\/tanssistudiomia.fi\/sv\/wp-json\/wp\/v2\/types\/page"}],"author":[{"embeddable":true,"href":"https:\/\/tanssistudiomia.fi\/sv\/wp-json\/wp\/v2\/users\/1"}],"replies":[{"embeddable":true,"href":"https:\/\/tanssistudiomia.fi\/sv\/wp-json\/wp\/v2\/comments?post=718"}],"version-history":[{"count":16,"href":"https:\/\/tanssistudiomia.fi\/sv\/wp-json\/wp\/v2\/pages\/718\/revisions"}],"predecessor-version":[{"id":977,"href":"https:\/\/tanssistudiomia.fi\/sv\/wp-json\/wp\/v2\/pages\/718\/revisions\/977"}],"wp:attachment":[{"href":"https:\/\/tanssistudiomia.fi\/sv\/wp-json\/wp\/v2\/media?parent=718"}],"curies":[{"name":"wp","href":"https:\/\/api.w.org\/{rel}","templated":true}]}}