{"id":727,"date":"2021-07-22T11:49:58","date_gmt":"2021-07-22T11:49:58","guid":{"rendered":"https:\/\/tanssistudiomia.fi\/sekretesspolicy\/"},"modified":"2021-07-22T11:50:05","modified_gmt":"2021-07-22T11:50:05","slug":"sekretesspolicy","status":"publish","type":"page","link":"https:\/\/tanssistudiomia.fi\/sv\/sekretesspolicy\/","title":{"rendered":"Sekretesspolicy"},"content":{"rendered":"<p>[et_pb_section fb_built=&#8221;1&#8243; _builder_version=&#8221;4.9.4&#8243; _module_preset=&#8221;default&#8221;][et_pb_row _builder_version=&#8221;4.9.4&#8243; _module_preset=&#8221;default&#8221;][et_pb_column type=&#8221;4_4&#8243; _builder_version=&#8221;4.9.4&#8243; _module_preset=&#8221;default&#8221;][et_pb_text _builder_version=&#8221;4.9.4&#8243; _module_preset=&#8221;default&#8221; header_font=&#8221;|300|||||||&#8221; header_text_color=&#8221;gcid-54056821-293f-4dfc-8057-6035d6687ea1&#8243; header_line_height=&#8221;1.3em&#8221; global_colors_info=&#8221;{%22gcid-54056821-293f-4dfc-8057-6035d6687ea1%22:%91%22header_text_color%22%93}&#8221;]<\/p>\n<h1>SEKRETESSPOLICY<\/h1>\n<p>[\/et_pb_text][\/et_pb_column][\/et_pb_row][et_pb_row _builder_version=&#8221;4.9.4&#8243; _module_preset=&#8221;default&#8221;][et_pb_column type=&#8221;4_4&#8243; _builder_version=&#8221;4.9.4&#8243; _module_preset=&#8221;default&#8221;][et_pb_text _builder_version=&#8221;4.9.4&#8243; _module_preset=&#8221;default&#8221; header_font=&#8221;|300|||||||&#8221; header_line_height=&#8221;1.3em&#8221;]<\/p>\n<p>I denna sekretesspolicy beskriver vi vilken typ av personlig information vi kan samla in om dig n\u00e4r du anv\u00e4nder v\u00e5ra tj\u00e4nster eller kontaktar Dance Studio Mia via v\u00e5r webbplats och f\u00f6r vilka syften vi kan anv\u00e4nda s\u00e5dan information.<\/p>\n<p>Genom att anv\u00e4nda webbplatsen tanssistudiomia.fi godk\u00e4nner du behandlingen av dina uppgifter i enlighet med denna sekretesspolicy.<\/p>\n<p>Vi kan \u00e4ndra denna integritetspolicy genom att uppdatera inneh\u00e5llet online, s\u00e5 se igenom den regelbundet.<\/p>\n<p>[\/et_pb_text][et_pb_text _builder_version=&#8221;4.9.4&#8243; _module_preset=&#8221;default&#8221; hover_enabled=&#8221;0&#8243; sticky_enabled=&#8221;0&#8243;]<\/p>\n<h3>REGISTRERINGSNAMN<\/h3>\n<p>Tanssistudio Mias kundregister<\/p>\n<h3>REGISTRATOR<\/h3>\n<p>Miian Toimistopalvelut<br \/>Opistokatu 15<br \/>65100 Vaasa<\/p>\n<p>Y-tunnus: 2443675-7<\/p>\n<h3>KONTAKTPERSON F\u00d6R REGISTRERINGSFR\u00c5GOR<\/h3>\n<p>Miia Nyk\u00e4nen<br \/><a href=\"&#x6d;&#x61;&#105;&#108;t&#x6f;&#x3a;&#x6d;&#105;ia&#x40;&#x74;&#97;&#110;s&#x73;&#x69;&#x73;&#116;ud&#x69;&#x6f;&#109;&#105;a&#x2e;&#x66;&#x69;\">m&#105;&#x69;&#x61;&#64;&#116;&#97;&#x6e;&#x73;s&#105;&#x73;&#x74;u&#100;&#105;&#x6f;&#x6d;i&#97;&#x2e;&#x66;i<\/a><\/p>\n<h3>DATAINSAMLING<\/h3>\n<p>F\u00f6ljande information samlas in i registret:<\/p>\n<ul>\n<li>Namn, adress, e-postadress och telefonnummer<\/li>\n<li>Annan information som samlas in med kundens samtycke<\/li>\n<li>Information som vi samlar in via bokningskalendern<\/li>\n<\/ul>\n<p>Vi bevarar i v\u00e5rt register den information som du har gett oss om dig genom att fylla i kontaktformul\u00e4ret via webbplatsen,via e-post, via meddelanden eller via telefonsamtal.<\/p>\n<h3>SYFTE MED REGISTRET<\/h3>\n<ul>\n<li>Registret anv\u00e4nds i enlighet med personuppgiftslagen<\/li>\n<li>F\u00f6r att uppr\u00e4tth\u00e5lla och utveckla kundrelationen<\/li>\n<li>F\u00f6r produktion och utveckling av service<\/li>\n<li>F\u00f6r kommunikation och information till allm\u00e4nheten om tj\u00e4nsterna och produkterna<\/li>\n<li>F\u00f6r fakturering p\u00e5 grund av serviceproduktionen<\/li>\n<\/ul>\n<p>P\u00e5 grund av informationen i onlinetj\u00e4nsten kan vi bevilja tilltr\u00e4de till de delar och inneh\u00e5ll i onlinetj\u00e4nsten som du sj\u00e4lv har beg\u00e4rt.<\/p>\n<p>Genom insamling och bearbetning av personlig information kan vi ocks\u00e5 skicka riktade kundmeddelanden och instruktioner samt meddelanden ang\u00e5ende din bokning, men vi skickar inga aff\u00e4rsmeddelanden.<\/p>\n<h3>UPPGIFTER OM INFORMATION TILL TREDJE PARTER<\/h3>\n<ul>\n<li>Dansstudio Mia s\u00e4ljer, utbyter eller p\u00e5 annat s\u00e4tt \u00f6verf\u00f6r inte din personliga information till en tredje part.<\/li>\n<li>Detta g\u00e4ller inte betrodda tredje parter som hj\u00e4lper oss att uppr\u00e4tth\u00e5lla v\u00e5r webbplats eller bedriva v\u00e5r verksamhet, men dessa parter m\u00e5ste ocks\u00e5 h\u00e5lla informationen konfidentiell. De parter som informationen l\u00e4mnas ut till \u00e4r:<\/li>\n<ul>\n<li>F\u00f6retag som ansvarar f\u00f6r uppr\u00e4tth\u00e5llande och utveckling av Dansstudio Mias IT-tj\u00e4nster<\/li>\n<li>Betalningsf\u00f6rmedlare<\/li>\n<li>Myndigheter, om n\u00f6dv\u00e4ndigt som ett resultat av lag, f\u00f6rordning eller r\u00e4ttslig beg\u00e4ran om att utreda ett brott eller f\u00f6r att f\u00f6rsvara eller f\u00f6rhindra ett r\u00e4ttsligt anspr\u00e5k<\/li>\n<\/ul>\n<\/ul>\n<h3>REGISTERSKYDD<\/h3>\n<ul>\n<li>Registret \u00e4r skyddat mot anv\u00e4ndning av tredje part<\/li>\n<li>Anv\u00e4ndning av registret \u00e4r skyddat med personliga anv\u00e4ndar- ID och l\u00f6senord<\/li>\n<li>Anv\u00e4ndare \u00e4r bundna av konfidentialitet<\/li>\n<li>Tillg\u00e5ng till registret har endast Tanssistudio Mia och anst\u00e4llda hos f\u00f6retagets onlinetj\u00e4nstleverant\u00f6r, vars arbetsuppgifter kr\u00e4ver behandling av uppgifterna i registret. Anst\u00e4llda \u00e4r bundna av konfidentialitet.<\/li>\n<\/ul>\n<h4>TJ\u00c4NSTER FR\u00c5N TREDJE PART<\/h4>\n<ul>\n<li>Webbsidan kan inneh\u00e5lla l\u00e4nkar till andra webbsidor som \u00e4gs eller drivs av tredje part. Tanssistudio Mia ansvarar inte f\u00f6r driften, inneh\u00e5llet eller andra funktioner p\u00e5 s\u00e5dana tredjepartswebbsidor. Vid flytt till dessa sidor m\u00e5ste anv\u00e4ndaren acceptera alla anv\u00e4ndarvillkor f\u00f6r dessa sidor innan anv\u00e4ndning p\u00e5b\u00f6rjas.<\/li>\n<\/ul>\n<h4>BOKNINGSSYSTEMET<\/h4>\n<p>V\u00e5rt bokningssystem \u00e4r externt inneh\u00e5ll i DigitalBooker Finland Oy:s onlinetj\u00e4nst. P\u00e5 den h\u00e4r sidan hittar du sekretesspolicyerna f\u00f6r den h\u00e4r sidan och systemet: www.varaaheti.fi\/tanssisudiomia <\/p>\n<h3>BES\u00d6KARES R\u00c4TTIGHETER<\/h3>\n<p>I enlighet med 26 \u00a7 personuppgiftslagen har bes\u00f6karen r\u00e4tt att granska uppgifterna om sig sj\u00e4lv och beg\u00e4ra att de felaktiga uppgifterna r\u00e4ttas till i registret.<br \/>Beg\u00e4ran om granskning och r\u00e4ttelse m\u00e5ste undertecknas och skickas skriftligen till den person som hanterar register\u00e4renden enligt definitionen i denna integritetspolicy.<br \/>Bes\u00f6karen har ocks\u00e5 r\u00e4tt att f\u00f6rbjuda Tanssistudio Mia fr\u00e5n att anv\u00e4nda hens uppgifter till direktmarknadsf\u00f6ring, distansf\u00f6rs\u00e4ljning eller opinionsunders\u00f6kningar genom att meddela den person som hanterar registrerings\u00e4rendena f\u00f6r Tanssistudio Mia.<\/p>\n<h3>\u00c4NDRINGAR I SEKRETESSPOLICYN<\/h3>\n<p>\u00c4ndringar i sekretesspolicyn uppdateras utan dr\u00f6jsm\u00e5l i webbtj\u00e4nsten.<\/p>\n<p>[\/et_pb_text][\/et_pb_column][\/et_pb_row][\/et_pb_section]<\/p>\n","protected":false},"excerpt":{"rendered":"<p>SEKRETESSPOLICYI denna sekretesspolicy beskriver vi vilken typ av personlig information vi kan samla in om dig n\u00e4r du anv\u00e4nder v\u00e5ra tj\u00e4nster eller kontaktar Dance Studio Mia via v\u00e5r webbplats och f\u00f6r vilka syften vi kan anv\u00e4nda s\u00e5dan information. Genom att anv\u00e4nda webbplatsen tanssistudiomia.fi godk\u00e4nner du behandlingen av dina uppgifter i enlighet med denna sekretesspolicy. Vi [&hellip;]<\/p>\n","protected":false},"author":1,"featured_media":0,"parent":0,"menu_order":0,"comment_status":"closed","ping_status":"closed","template":"","meta":{"_et_pb_use_builder":"on","_et_pb_old_content":"","_et_gb_content_width":"","footnotes":""},"class_list":["post-727","page","type-page","status-publish","hentry"],"_links":{"self":[{"href":"https:\/\/tanssistudiomia.fi\/sv\/wp-json\/wp\/v2\/pages\/727","targetHints":{"allow":["GET"]}}],"collection":[{"href":"https:\/\/tanssistudiomia.fi\/sv\/wp-json\/wp\/v2\/pages"}],"about":[{"href":"https:\/\/tanssistudiomia.fi\/sv\/wp-json\/wp\/v2\/types\/page"}],"author":[{"embeddable":true,"href":"https:\/\/tanssistudiomia.fi\/sv\/wp-json\/wp\/v2\/users\/1"}],"replies":[{"embeddable":true,"href":"https:\/\/tanssistudiomia.fi\/sv\/wp-json\/wp\/v2\/comments?post=727"}],"version-history":[{"count":5,"href":"https:\/\/tanssistudiomia.fi\/sv\/wp-json\/wp\/v2\/pages\/727\/revisions"}],"predecessor-version":[{"id":732,"href":"https:\/\/tanssistudiomia.fi\/sv\/wp-json\/wp\/v2\/pages\/727\/revisions\/732"}],"wp:attachment":[{"href":"https:\/\/tanssistudiomia.fi\/sv\/wp-json\/wp\/v2\/media?parent=727"}],"curies":[{"name":"wp","href":"https:\/\/api.w.org\/{rel}","templated":true}]}}