{"id":960,"date":"2021-08-05T09:12:49","date_gmt":"2021-08-05T09:12:49","guid":{"rendered":"https:\/\/tanssistudiomia.fi\/?page_id=960"},"modified":"2024-02-29T08:37:53","modified_gmt":"2024-02-29T08:37:53","slug":"grupptraning","status":"publish","type":"page","link":"https:\/\/tanssistudiomia.fi\/sv\/grupptraning\/","title":{"rendered":"Grupptr\u00e4ning"},"content":{"rendered":"<p>[et_pb_section fb_built=&#8221;1&#8243; _builder_version=&#8221;4.16&#8243; _module_preset=&#8221;default&#8221; global_colors_info=&#8221;{}&#8221;][et_pb_row _builder_version=&#8221;4.16&#8243; _module_preset=&#8221;default&#8221; global_colors_info=&#8221;{}&#8221;][et_pb_column type=&#8221;4_4&#8243; _builder_version=&#8221;4.16&#8243; _module_preset=&#8221;default&#8221; global_colors_info=&#8221;{}&#8221;][et_pb_text _builder_version=&#8221;4.16&#8243; _module_preset=&#8221;default&#8221; header_font=&#8221;|300|||||||&#8221; header_text_color=&#8221;gcid-54056821-293f-4dfc-8057-6035d6687ea1&#8243; header_letter_spacing=&#8221;2px&#8221; header_line_height=&#8221;1.3em&#8221; header_2_font=&#8221;|300|||||||&#8221; header_2_text_color=&#8221;gcid-54056821-293f-4dfc-8057-6035d6687ea1&#8243; header_2_line_height=&#8221;1.3em&#8221; header_3_font=&#8221;|300|||||||&#8221; header_3_text_color=&#8221;gcid-54056821-293f-4dfc-8057-6035d6687ea1&#8243; header_3_line_height=&#8221;1.2em&#8221; global_colors_info=&#8221;{%22gcid-54056821-293f-4dfc-8057-6035d6687ea1%22:%91%22header_text_color%22,%22header_3_text_color%22,%22header_2_text_color%22%93}&#8221;]<\/p>\n<h1>Grupptr\u00e4ning v\u00e5ren 2024 \u00a0 \u00a08.1.-31.5.2024<\/h1>\n<p>[\/et_pb_text][\/et_pb_column][\/et_pb_row][et_pb_row column_structure=&#8221;1_2,1_2&#8243; _builder_version=&#8221;4.17.3&#8243; _module_preset=&#8221;default&#8221; global_colors_info=&#8221;{}&#8221;][et_pb_column type=&#8221;1_2&#8243; _builder_version=&#8221;4.16&#8243; _module_preset=&#8221;default&#8221; global_colors_info=&#8221;{}&#8221;][et_pb_text _builder_version=&#8221;4.16&#8243; _module_preset=&#8221;default&#8221; global_colors_info=&#8221;{}&#8221;]<\/p>\n<p><strong>M\u00e5ndagar<\/strong> salen kan reserveras f\u00f6r privata kunder eller grupper f\u00f6r egna tr\u00e4ningspass. <strong><em><a href=\"https:\/\/tanssistudiomia.fi\/sv\/trana-sjalv\/\">L\u00e4s mer h\u00e4r.<\/a><\/em><\/strong><\/p>\n<p>&nbsp;<\/p>\n<p><strong>Tisdagar kl: 17:45-18:45 Flex &amp; Balance &#8211; Skonsam r\u00f6rlighet och styrka f\u00f6r kroppen<\/strong> (Instrukt\u00f6r Miia Nyk\u00e4nen) <strong>NOTERA! Inga fler lektioner 1.11.-31.12.2023 &#8211; g\u00e5r att boka som privatlektion.<\/strong><\/p>\n<p>I den h\u00e4r klassen tar vi hand om och st\u00e4rker kroppen holistiskt. Dessutom f\u00f6rb\u00e4ttras r\u00f6rligheten i kroppen och sinnet l\u00e4ttas ocks\u00e5 upp, det vill s\u00e4ga stressen tas bort. Ett v\u00e4xlande tema.<\/p>\n<p>Klassen best\u00e5r av fem delar: Uppv\u00e4rmning, olika \u00f6vningar relaterade till klassens tema (som h\u00f6ft- eller ryggr\u00f6rlighet och sm\u00e4rttillst\u00e5nd), f\u00f6rst\u00e4rkning av centralkroppen, CIRCL Mobility \u2122 dvs mobiliseringsdel med stretching och ett avslappningsmoment.<\/p>\n<p>Efter den inledande uppv\u00e4rmningen g\u00e5r vi igenom olika r\u00f6relser, alltid relaterade till ett tema, som l\u00e4ndryggen eller h\u00f6ftpartiet. I enlighet med temat utf\u00f6rs r\u00f6relser och \u00f6vningar som lindrar eventuell sm\u00e4rta, l\u00f6ser blockeringar och tar bort tr\u00e4ngsel. Dessutom g\u00f6rs \u00f6vningar som \u00f6kar r\u00f6rligheten och st\u00e4rker det aktuella omr\u00e5det s\u00e5 att problem h\u00e5ller sig borta. Vi fokuserar alltid p\u00e5 ett tema under flera veckor, s\u00e5 att vi kan f\u00f6rb\u00e4ttra och st\u00e4rka omr\u00e5det stegvis och gradvis \u00f6ka r\u00f6relseomf\u00e5nget och \u00f6ka r\u00f6rligheten. Varje klass st\u00e4rker ocks\u00e5 musklerna i mellankroppen. B\u00e5de mellankroppens stora muskler och \u00e4ven de sm\u00e5 st\u00f6dmusklerna tr\u00e4nas och de korrekta positionerna unders\u00f6ks. I slutet av klassen finns det alltid en mobiliserings\u00f6vning som p\u00e5verkar kroppen holistiskt: under en kort CIRLC Mobility \u2122-\u00f6vning f\u00e5r lederna r\u00f6rlighet, hela kroppen st\u00e4rks, kroppens r\u00f6relseomf\u00e5ng \u00f6kas och de bin\u00e4ra v\u00e5gorna av musiken tar din hj\u00e4rna till ett lugnt, meditativt tillst\u00e5nd, vilket eliminerar stress. Under denna r\u00f6rlighets\u00f6vning fokuserar vi \u00e4ven p\u00e5 andningen. Till sist stretchar vi och g\u00f6r en kort stund av mindfulness.<strong><em><a href=\"https:\/\/tanssistudiomia.fi\/sv\/flexbalance_circl\/\"> L\u00e4s mer om klassen och instrukt\u00f6ren h\u00e4r.<\/a><\/em><\/strong><\/p>\n<p>&nbsp;<\/p>\n<p><strong>Tisdagar kl: 18.30 &#8211; 19:30 CIRCL Mobility \u2122 &#8211; Sl\u00e4pp. \u00c5terst\u00e4ll. F\u00f6rnya.<\/strong> (Insturkt\u00f6r Miia Nyk\u00e4nen) <strong>NOTERA! \u00c4ndrad tid den 20.11.2023 fr\u00e5n.<\/strong><\/p>\n<p>Minska stelhet och sp\u00e4nningar. P\u00e5skynda \u00e5terh\u00e4mtningen och f\u00f6rb\u00e4ttra balans och koncentration p\u00e5 samma g\u00e5ng. Stimulerar din kropps nervsystem f\u00f6r att \u00f6ka muskelaktiveringen och blodcirkulationen. Baserat p\u00e5 vetenskapen om funktionell r\u00f6relse fokuserar CIRCL Mobility\u2122 p\u00e5 flexibilitet, andnings- och r\u00f6rlighets\u00f6vningar f\u00f6r att frig\u00f6ra hela din kropp. Oavsett om du \u00e4r en h\u00e5rd idrottare, en upptagen mamma eller en kontorsarbetare, hj\u00e4lper CIRCL Mobility\u2122 dig att sl\u00e4ppa stress, \u00e5terst\u00e4lla ditt r\u00f6relseomf\u00e5ng och f\u00f6rnya din f\u00f6rm\u00e5ga att r\u00f6ra dig b\u00e4ttre under l\u00e4ngre tid.<\/p>\n<p>Under klassen utf\u00f6r vi serier av r\u00f6relser i takt med musiken med hj\u00e4lp av makro- och mikroledr\u00f6relser f\u00f6r att f\u00f6rb\u00e4ttra r\u00f6relseomf\u00e5nget och flexibiliteten. Dessutom inneh\u00e5ller klassen musik som inte bara skapar en avslappnande st\u00e4mning, utan ocks\u00e5 inneh\u00e5ller binaurala ljudv\u00e5gor och isokroniska ljud, som har visat sig minska stress, f\u00f6rb\u00e4ttra koncentrationen och hj\u00e4lpa till med fysisk balans. Programmet \u00e4r utformat f\u00f6r att passa m\u00e4nniskor med alla f\u00f6rm\u00e5gor och kan anpassas till alla livsstilar. <strong><em><a href=\"https:\/\/tanssistudiomia.fi\/sv\/flexbalance_circl\/\">L\u00e4s mer om klassen och instrukt\u00f6ren h\u00e4r.<\/a><\/em><\/strong><\/p>\n<p>&nbsp;<\/p>\n<p><strong>Onsdagar 6.3.-27.3.2024 kl: 18:30 &#8211; 19:30 Jumpa med yllesockor &#8211; Effektiv och rolig muskelkonditionstr\u00e4ning<\/strong> (Instrukt\u00f6r Miia Nyk\u00e4nen) OBS Belly Dance -timmar tar uppeh\u00e5ll.<\/p>\n<p>Ullsockajumpa var f\u00f6rra vinterns hit och den \u00e4r nu tillbaka i programmen f\u00f6r mars! I denna timme anv\u00e4nds yllestrumpor (p\u00e5 f\u00f6tterna och ibland p\u00e5 h\u00e4nderna). Sk\u00f6n muskeltr\u00e4ning med egen vikt och yllestrumpor. Stretching p\u00e5 slutet. Ta med egna ullstrumpor.<\/p>\n<p>&nbsp;<\/p>\n<p><strong>Torsdagar kl: 18:30 &#8211; 19:30 Burlesque &#8211; Roligt, feminint och glittrigt!<\/strong> (Instrukt\u00f6r Marleena Rinne)<\/p>\n<p>Burlesque \u00e4r en dansande scenkonst som kombinerar teatraliska uttryck, kreativ striptease och gammaldags glamour. Som hobby \u00e4r burlesk en m\u00e5ngsidig gruppklass d\u00e4r man, f\u00f6rutom danskoreografi, ut\u00f6var kvinnlig n\u00e4rvaro och befriande sj\u00e4lvuttryck. Du beh\u00f6ver bara flexibla kl\u00e4der till klasserna, och klasserna passar entusiaster p\u00e5 alla niv\u00e5er. <strong><em><a href=\"https:\/\/tanssistudiomia.fi\/sv\/burlesk\/\">L\u00e4s mer om klassen och l\u00e4r k\u00e4nna instrukt\u00f6ren h\u00e4r.<\/a><\/em><\/strong><\/p>\n<p>[\/et_pb_text][et_pb_text _builder_version=&#8221;4.16&#8243; _module_preset=&#8221;default&#8221; text_font=&#8221;||||||||&#8221; header_3_font=&#8221;|300|||||||&#8221; header_3_text_color=&#8221;gcid-54056821-293f-4dfc-8057-6035d6687ea1&#8243; header_3_line_height=&#8221;1.3em&#8221; header_4_font=&#8221;|300|||||||&#8221; header_4_text_color=&#8221;gcid-54056821-293f-4dfc-8057-6035d6687ea1&#8243; header_4_line_height=&#8221;1.3em&#8221; global_colors_info=&#8221;{%22gcid-54056821-293f-4dfc-8057-6035d6687ea1%22:%91%22header_3_text_color%22,%22header_4_text_color%22%93}&#8221;]<\/p>\n<p><span style=\"font-size: large;\">S\u00e5 h\u00e4r bokar du din plats f\u00f6r klasser<\/span><\/p>\n<p>Lektioner kan bokas och k\u00f6pas direkt fr\u00e5n <a href=\"https:\/\/www.varaaheti.fi\/tanssistudiomia\/sv\/tanssistudiomia\/classes\">bokningskalendern<\/a>, antingen som enskilda lektioner, eller k\u00f6p F\u00f6rbetalda eng\u00e5ngskort med fler lektioner \u00e5t g\u00e5ngen, d\u00e5 blir lektionerna billigare. V\u00e4lj &#8221;F\u00f6rbetalda kort&#8221; fr\u00e5n bokningskalendern.<\/p>\n<p>Om du \u00e4r student, pension\u00e4r eller medlem i Botnia Burlesque v\u00e4lj &#8221;rabattgrupper&#8221; under Kontantkort. Om du vill betala med MobilePay, ePass, Smartum, edenred eller Tyky-kuponger, kontakta studion f\u00f6r bokning: <a href=\"&#x6d;&#97;i&#x6c;&#x74;&#111;:&#x6d;&#x69;&#105;a&#x40;&#116;a&#x6e;&#x73;&#115;i&#x73;&#x74;&#117;d&#x69;&#111;&#109;&#x69;&#x61;&#46;f&#x69;\">&#x6d;&#x69;&#x69;&#x61;&#x40;&#x74;&#97;&#110;&#115;&#115;istu&#x64;&#x69;&#x6f;&#x6d;&#x69;&#x61;&#46;&#102;&#105;<\/a><\/p>\n<p>&nbsp;<\/p>\n<p>Du m\u00e5ste anm\u00e4la dig till klasserna senast 12 timmar innan den b\u00f6rjar. Klasserna har \u00e4ven ett minsta antal deltagare och om det inte uppfylls kommer klassen att st\u00e4llas in och pengarna \u00e5terbetalas\/betalas tillbaka till kontantkortet.<\/p>\n<p>[\/et_pb_text][et_pb_button button_url=&#8221;https:\/\/www.varaaheti.fi\/tanssistudiomia\/fi\/miian_toimistopalvelut_tmi\/classes&#8221; url_new_window=&#8221;on&#8221; button_text=&#8221;Boka din plats&#8221; _builder_version=&#8221;4.21.0&#8243; _module_preset=&#8221;default&#8221; custom_button=&#8221;on&#8221; button_text_color=&#8221;#FFFFFF&#8221; button_bg_color=&#8221;gcid-54056821-293f-4dfc-8057-6035d6687ea1&#8243; button_border_radius=&#8221;10px&#8221; global_colors_info=&#8221;{%22gcid-54056821-293f-4dfc-8057-6035d6687ea1%22:%91%22button_bg_color%22%93}&#8221;][\/et_pb_button][\/et_pb_column][et_pb_column type=&#8221;1_2&#8243; _builder_version=&#8221;4.17.3&#8243; _module_preset=&#8221;default&#8221; custom_padding=&#8221;20px|20px|20px|20px|true|true&#8221; box_shadow_style=&#8221;preset2&#8243; global_colors_info=&#8221;{}&#8221;][et_pb_text _builder_version=&#8221;4.17.3&#8243; _module_preset=&#8221;default&#8221; text_orientation=&#8221;center&#8221; global_colors_info=&#8221;{}&#8221;]<\/p>\n<p>Prislista<\/p>\n<p>&nbsp;<\/p>\n<p><strong>Flex &amp; Balance<\/strong><\/p>\n<p><strong>Belly Dance<\/strong><\/p>\n<p><strong>Burlesque<\/strong><strong><\/strong><strong><\/strong><strong><\/strong><\/p>\n<p><strong>CIRCL Mobility \u2122<\/strong>\u00a0<\/p>\n<p><strong>Jumpa med yllesockor<\/strong><\/p>\n<p>&nbsp;<\/p>\n<p>1 g\u00e5ng = 15 \u20ac (13 \u20ac*)<\/p>\n<p>5-g\u00e5ngskort 65 \u20ac (60 \u20ac*)<\/p>\n<p>10-g\u00e5ngskort 120 \u20ac (100 \u20ac*)<\/p>\n<p>&nbsp;<\/p>\n<p>Morgonmeditationer<\/p>\n<p>(i v\u00e4ntan p\u00e5)<\/p>\n<p>&nbsp;<\/p>\n<p>*Pris f\u00f6r studenter\/seniorer och medlemmar i Bothnia Burlesque.<\/p>\n<p>[\/et_pb_text][et_pb_text _builder_version=&#8221;4.16&#8243; _module_preset=&#8221;default&#8221; global_colors_info=&#8221;{}&#8221;]<\/p>\n<p>Prepaid -kort<\/p>\n<p>Det g\u00e5r \u00e4ven att k\u00f6pa kontantkort (Prepaid) som fungerar till bokningskalendern via internet. Med ett Prepaid -kort betalar du i f\u00f6rskott med 5 eller 10 g\u00e5nger billigare eng\u00e5ngsbelopp. Du kan sedan bekv\u00e4mt &#8221;betala&#8221; med detta kort n\u00e4r du g\u00f6r en ny bokning f\u00f6r en lektion, och du inte l\u00e4ngre beh\u00f6ver en separat betalnings\u00f6verf\u00f6ring. Timmar betalda med kort \u00e5terf\u00f6rs ocks\u00e5 automatiskt till ditt kort om klassen st\u00e4lls in eller du avbokar din bokning sj\u00e4lv, och du beh\u00f6ver inte kontakta studion. Kortet \u00e4r giltigt i 3 m\u00e5nader eller 6 m\u00e5nader. Du kan k\u00f6pa kortet i bokningskalendern under Prepaid -kort.<\/p>\n<p>&nbsp;<\/p>\n<p>[\/et_pb_text][\/et_pb_column][\/et_pb_row][et_pb_row column_structure=&#8221;1_2,1_2&#8243; _builder_version=&#8221;4.16&#8243; _module_preset=&#8221;default&#8221; global_colors_info=&#8221;{}&#8221;][et_pb_column type=&#8221;1_2&#8243; _builder_version=&#8221;4.16&#8243; _module_preset=&#8221;default&#8221; global_colors_info=&#8221;{}&#8221;][et_pb_text _builder_version=&#8221;4.16&#8243; _module_preset=&#8221;default&#8221; global_colors_info=&#8221;{}&#8221;]<\/p>\n<p>L\u00e4s salens regler och servicevillkor h\u00e4r. Genom att boka, betala och anv\u00e4nda tj\u00e4nsterna accepterar du villkoren.<\/p>\n<p>[\/et_pb_text][\/et_pb_column][et_pb_column type=&#8221;1_2&#8243; _builder_version=&#8221;4.16&#8243; _module_preset=&#8221;default&#8221; global_colors_info=&#8221;{}&#8221;][\/et_pb_column][\/et_pb_row][\/et_pb_section]<\/p>\n","protected":false},"excerpt":{"rendered":"<p>Grupptr\u00e4ning v\u00e5ren 2024 \u00a0 \u00a08.1.-31.5.2024M\u00e5ndagar salen kan reserveras f\u00f6r privata kunder eller grupper f\u00f6r egna tr\u00e4ningspass. L\u00e4s mer h\u00e4r. &nbsp; Tisdagar kl: 17:45-18:45 Flex &amp; Balance &#8211; Skonsam r\u00f6rlighet och styrka f\u00f6r kroppen (Instrukt\u00f6r Miia Nyk\u00e4nen) NOTERA! Inga fler lektioner 1.11.-31.12.2023 &#8211; g\u00e5r att boka som privatlektion. I den h\u00e4r klassen tar vi hand om [&hellip;]<\/p>\n","protected":false},"author":1,"featured_media":0,"parent":0,"menu_order":0,"comment_status":"closed","ping_status":"closed","template":"","meta":{"_et_pb_use_builder":"on","_et_pb_old_content":"","_et_gb_content_width":"","footnotes":""},"class_list":["post-960","page","type-page","status-publish","hentry"],"_links":{"self":[{"href":"https:\/\/tanssistudiomia.fi\/sv\/wp-json\/wp\/v2\/pages\/960","targetHints":{"allow":["GET"]}}],"collection":[{"href":"https:\/\/tanssistudiomia.fi\/sv\/wp-json\/wp\/v2\/pages"}],"about":[{"href":"https:\/\/tanssistudiomia.fi\/sv\/wp-json\/wp\/v2\/types\/page"}],"author":[{"embeddable":true,"href":"https:\/\/tanssistudiomia.fi\/sv\/wp-json\/wp\/v2\/users\/1"}],"replies":[{"embeddable":true,"href":"https:\/\/tanssistudiomia.fi\/sv\/wp-json\/wp\/v2\/comments?post=960"}],"version-history":[{"count":68,"href":"https:\/\/tanssistudiomia.fi\/sv\/wp-json\/wp\/v2\/pages\/960\/revisions"}],"predecessor-version":[{"id":1907,"href":"https:\/\/tanssistudiomia.fi\/sv\/wp-json\/wp\/v2\/pages\/960\/revisions\/1907"}],"wp:attachment":[{"href":"https:\/\/tanssistudiomia.fi\/sv\/wp-json\/wp\/v2\/media?parent=960"}],"curies":[{"name":"wp","href":"https:\/\/api.w.org\/{rel}","templated":true}]}}